{"id":8,"date":"2021-08-09T07:16:21","date_gmt":"2021-08-09T07:16:21","guid":{"rendered":"http:\/\/salonds.pl\/?page_id=8"},"modified":"2021-08-09T07:56:25","modified_gmt":"2021-08-09T07:56:25","slug":"jaki-wozek-warsztatowy-wybrac","status":"publish","type":"page","link":"https:\/\/salonds.pl\/index.php\/jaki-wozek-warsztatowy-wybrac\/","title":{"rendered":"Jaki w\u00f3zek warsztatowy wybra\u0107?"},"content":{"rendered":"\n<p>Utrzymywanie porz\u0105dku w miejscach napraw to zawsze ogromne wyzwanie, kt\u00f3remu pr\u00f3buj\u0105 sprosta\u0107 wszyscy mechanicy i serwisanci. Nieustanne poszukiwanie odpowiedniego klucza czy nasadki potrafi poch\u0142ania\u0107 bardzo du\u017ce ilo\u015bci czasu, kt\u00f3ry zamiast po\u015bwi\u0119ca\u0107 na obs\u0142ug\u0119 kolejnych klient\u00f3w jest marnowany na znajdowanie narz\u0119dzi. Naprzeciw takim problemom wychodzi w\u00f3zek warsztatowy, kt\u00f3ry staje si\u0119 jednym z podstawowych element\u00f3w wyposa\u017cenia warsztat\u00f3w mechanicznych, serwis\u00f3w oponiarskich, a tak\u017ce coraz cz\u0119\u015bciej przydomowych gara\u017cy pasjonat\u00f3w motoryzacji czy og\u00f3lnego majsterkowania.<\/p>\n\n\n\n<p>Aby odpowiednio dobra\u0107 w\u00f3zek warto zapozna\u0107 si\u0119 z kilkoma kwestiami. Przede wszystkim na rynku mo\u017cemy znale\u017a\u0107 w\u00f3zki, kt\u00f3re s\u0105 w pe\u0142ni wyposa\u017cone oraz puste, w kt\u00f3rych jest mn\u00f3stwo miejsca na przechowanie narz\u0119dzi. W\u00f3zek wraz z wyposa\u017ceniem s\u0105 dedykowane dla nowo powstaj\u0105cych warsztat\u00f3w, kt\u00f3re potrzebuj\u0105 du\u017cej ilo\u015bci narz\u0119dzi, dla warsztat\u00f3w tworz\u0105cych kolejne stanowisko obs\u0142ugi lub dla serwis\u00f3w, w kt\u00f3rych du\u017ca cz\u0119\u015b\u0107 narz\u0119dzi wymaga ju\u017c wymiany. Pe\u0142ne w\u00f3zki . Puste w\u00f3zki s\u0105 idealnym rozwi\u0105zaniem dla tych, kt\u00f3rzy posiadaj\u0105 wiele narz\u0119dzi w warsztacie, ale chc\u0105 wprowadzi\u0107 \u0142ad oraz porz\u0105dek i przechowywa\u0107 wszystkie elementy w jednym miejscu. W\u00f3zek warsztatowych na k\u00f3\u0142kach umo\u017cliwia tak\u017ce przewiezienie ca\u0142ego niezb\u0119dnego do pracy wyposa\u017cenia w inne miejsce co znacznie u\u0142atwia prac\u0119 poniewa\u017c nie ma potrzeby ci\u0105g\u0142ego chodzenia po warsztacie w celu szukania odpowiednich narz\u0119dzi. Oczywi\u015bcie uzupe\u0142niaj\u0105c pusty w\u00f3zek narz\u0119dziami, kt\u00f3re s\u0105 ju\u017c w warsztacie nigdy nie b\u0119dzie tak idealne jak kupienie pe\u0142nej szafki, poniewa\u017c narz\u0119dzia nie b\u0119d\u0105 mia\u0142y specjalnie przeznaczonego miejsca. W\u00f3zek warsztatowy z narz\u0119dziami posiada odpowiednie miejsce dla ka\u017cdego elementu czy to grzechotki, m\u0142otka czy nawet ma\u0142ego bitu.<\/p>\n\n\n\n<p>W\u00f3zek warsztatowy z wyposa\u017ceniem r\u00f3\u017cnicuje przede wszystkim ilo\u015b\u0107 narz\u0119dzi oraz liczba szuflad. Zazwyczaj spotyka si\u0119 w\u00f3zki, kt\u00f3re maj\u0105 od 180 do 250 narz\u0119dzi oraz 6 do 8 szuflad. Oczywi\u015bcie na rynku dost\u0119pne s\u0105 tak\u017ce w\u00f3zki, kt\u00f3re maj\u0105 9 czy nawet 11 szuflad, ale nale\u017cy zaznaczy\u0107, \u017ce im wi\u0119cej szuflad posiada w\u00f3zek tym ka\u017cda szuflada jest mniejsza co uniemo\u017cliwia przechowywania wi\u0119kszych narz\u0119dzi jak szlifierki czy wiertarki. Kolejna istotna kwestia to blat w\u00f3zka, poniewa\u017c mo\u017ce by\u0107 on z tworzywa sztucznego, kt\u00f3re jest mniej odporne na uderzenia i ci\u0119\u017car lub blat stalowy, kt\u00f3ry bardzo dobrze znosi trudno\u015bci pracy w warsztacie. Bardzo wa\u017cne jest tak\u017ce aby w\u00f3zek posiada\u0142 gumow\u0105 os\u0142on\u0119 na rantach aby mie\u0107 pewno\u015b\u0107, \u017ce podczas przemieszczania w\u00f3zka w warsztacie nie uszkodzimy lakieru \u017cadnego z pojazd\u00f3w naszych klient\u00f3w. Dodatkowym zabezpieczeniem przed nieporz\u0105dnym ruchem w\u00f3zka jest tak\u017ce hamulec blokuj\u0105cy ko\u0142a.<\/p>\n\n\n\n<p>Najwa\u017cniejsza kwestia w pe\u0142ni wyposa\u017conego w\u00f3zka to rzecz jasna rodzaj narz\u0119dzi umieszczonych w ka\u017cdej szufladzie oraz ich jako\u015b\u0107. Podstaw\u0105 ka\u017cdego w\u00f3zka s\u0105 grzechotki zazwyczaj w 3 rozmiarach oraz nasadki. Kolejne wa\u017cne narz\u0119dzia to klucze p\u0142askie, p\u0142asko-oczkowe, oczkowe gi\u0119te, wkr\u0119taki p\u0142askie oraz krzy\u017cakowe, r\u00f3\u017cnego rodzaju bity oraz m\u0142otki i szczypce.<\/p>\n\n\n\n<p>Poniewa\u017c obecnie na rynku jest mn\u00f3stwo ofert z tanimi, lecz w pe\u0142ni wyposa\u017conymi w\u00f3zkami warto szczeg\u00f3\u0142owo zapozna\u0107 si\u0119 z produktem, kt\u00f3ry chcemy kupi\u0107, aby kupione narz\u0119dzia nie okaza\u0142y si\u0119 \u201ejednorazowymi\u201d. Postawienie na sprawdzon\u0105 firm\u0119 powinno pozwoli\u0107 unikn\u0105\u0107 kupienia w\u00f3zka i narz\u0119dzi o bardzo niskiej jako\u015bci.<\/p>\n\n\n\n<div class=\"wp-block-buttons aligncenter\">\n<div class=\"wp-block-button is-style-outline\"><a class=\"wp-block-button__link\" href=\"https:\/\/sklep.tiptopol.pl\/wozki-narzedziowe-z-wyposazeniem\/wozek-warsztatowy-proxima-220-elementow-6-szuflad.html\"><strong>w\u00f3zek warsztatowy<\/strong><\/a><\/div>\n<\/div>\n\n\n\n<p><\/p>\n","protected":false},"excerpt":{"rendered":"<p>Utrzymywanie porz\u0105dku w miejscach napraw to zawsze ogromne wyzwanie, kt\u00f3remu pr\u00f3buj\u0105 sprosta\u0107 wszyscy mechanicy i serwisanci. Nieustanne poszukiwanie odpowiedniego klucza czy nasadki potrafi poch\u0142ania\u0107 bardzo du\u017ce ilo\u015bci czasu, kt\u00f3ry zamiast po\u015bwi\u0119ca\u0107 na obs\u0142ug\u0119 kolejnych klient\u00f3w jest marnowany na znajdowanie narz\u0119dzi. Naprzeciw takim problemom wychodzi w\u00f3zek warsztatowy, kt\u00f3ry staje si\u0119 jednym z podstawowych element\u00f3w wyposa\u017cenia warsztat\u00f3w [&hellip;]<\/p>\n","protected":false},"author":1,"featured_media":0,"parent":0,"menu_order":1,"comment_status":"closed","ping_status":"closed","template":"","meta":[],"_links":{"self":[{"href":"https:\/\/salonds.pl\/index.php\/wp-json\/wp\/v2\/pages\/8"}],"collection":[{"href":"https:\/\/salonds.pl\/index.php\/wp-json\/wp\/v2\/pages"}],"about":[{"href":"https:\/\/salonds.pl\/index.php\/wp-json\/wp\/v2\/types\/page"}],"author":[{"embeddable":true,"href":"https:\/\/salonds.pl\/index.php\/wp-json\/wp\/v2\/users\/1"}],"replies":[{"embeddable":true,"href":"https:\/\/salonds.pl\/index.php\/wp-json\/wp\/v2\/comments?post=8"}],"version-history":[{"count":3,"href":"https:\/\/salonds.pl\/index.php\/wp-json\/wp\/v2\/pages\/8\/revisions"}],"predecessor-version":[{"id":23,"href":"https:\/\/salonds.pl\/index.php\/wp-json\/wp\/v2\/pages\/8\/revisions\/23"}],"wp:attachment":[{"href":"https:\/\/salonds.pl\/index.php\/wp-json\/wp\/v2\/media?parent=8"}],"curies":[{"name":"wp","href":"https:\/\/api.w.org\/{rel}","templated":true}]}}