{"id":10,"date":"2021-08-09T07:17:10","date_gmt":"2021-08-09T07:17:10","guid":{"rendered":"http:\/\/salonds.pl\/?page_id=10"},"modified":"2021-08-09T08:11:07","modified_gmt":"2021-08-09T08:11:07","slug":"wozki-warsztatowe-z-narzedziami-ranking","status":"publish","type":"page","link":"https:\/\/salonds.pl\/index.php\/wozki-warsztatowe-z-narzedziami-ranking\/","title":{"rendered":"W\u00f3zki warsztatowe z narz\u0119dziami &#8211; ranking"},"content":{"rendered":"\n<p>Wybieraj\u0105c odpowiedni w\u00f3zek warsztatowy z wyposa\u017ceniem nale\u017cy kierowa\u0107 si\u0119 kilkoma istotnymi kryteriami. Bior\u0105c pod uwag\u0119 ceny w\u00f3zk\u00f3w mo\u017cemy znale\u017a\u0107 modele poni\u017cej tysi\u0105ca z\u0142otych do nawet dziesi\u0119ciu tysi\u0119cy. Po pierwszym przejrzeniu takich ofert mo\u017cna zastanowi\u0107 si\u0119 dlaczego r\u00f3\u017cnice w cenach s\u0105 tak znaczne. Przede wszystkim wynika to z wielko\u015bci w\u00f3zka oraz ilo\u015bci narz\u0119dzi, jako\u015bci i trwa\u0142o\u015bci wszystkich element\u00f3w oraz marki i jej opinii w\u015br\u00f3d u\u017cytkownik\u00f3w. Za nim szczeg\u00f3\u0142owo rozpoczniemy selekcjonowanie w\u00f3zk\u00f3w narz\u0119dziowych warto okre\u015bli\u0107 czy poszukujemy w\u00f3zka na potrzeby \u201edomowe\u201d czyli do lekkich prac, czego\u015b uniwersalnego co poprzez korzystn\u0105 cen\u0119 i jako\u015b\u0107 sprawdzi si\u0119 zar\u00f3wno w przydomowym gara\u017cu jak i pocz\u0105tkuj\u0105cym warsztacie czy nasze wymagania s\u0105 ju\u017c na tyle du\u017ce, \u017ce potrzebujemy czego\u015b bardzo profesjonalnego. Bior\u0105c pod uwag\u0119 wspomniane r\u00f3\u017cnice zapraszamy Pa\u0144stwa do zapoznania si\u0119 z naszym <strong>rankingiem w\u00f3zk\u00f3w warsztatowych!<\/strong><\/p>\n\n\n\n<div class=\"wp-block-media-text alignwide is-stacked-on-mobile\"><figure class=\"wp-block-media-text__media\"><a href=\"https:\/\/sklep.tiptopol.pl\/wozki-narzedziowe-z-wyposazeniem\/wozek-warsztatowy-proxima-220-elementow-6-szuflad.html\"><img loading=\"lazy\" width=\"1024\" height=\"768\" src=\"http:\/\/salonds.pl\/wp-content\/uploads\/2021\/08\/p5130818_1-1024x768.jpg\" alt=\"\" class=\"wp-image-24\" srcset=\"https:\/\/salonds.pl\/wp-content\/uploads\/2021\/08\/p5130818_1-1024x768.jpg 1024w, https:\/\/salonds.pl\/wp-content\/uploads\/2021\/08\/p5130818_1-300x225.jpg 300w, https:\/\/salonds.pl\/wp-content\/uploads\/2021\/08\/p5130818_1-768x576.jpg 768w, https:\/\/salonds.pl\/wp-content\/uploads\/2021\/08\/p5130818_1-1536x1152.jpg 1536w, https:\/\/salonds.pl\/wp-content\/uploads\/2021\/08\/p5130818_1-2048x1536.jpg 2048w, https:\/\/salonds.pl\/wp-content\/uploads\/2021\/08\/p5130818_1-1200x900.jpg 1200w, https:\/\/salonds.pl\/wp-content\/uploads\/2021\/08\/p5130818_1-1980x1485.jpg 1980w\" sizes=\"(max-width: 1024px) 100vw, 1024px\" \/><\/a><\/figure><div class=\"wp-block-media-text__content\">\n<ol><li><a href=\"https:\/\/sklep.tiptopol.pl\/wozki-narzedziowe-z-wyposazeniem\/wozek-warsztatowy-proxima-220-elementow-6-szuflad.html\" data-type=\"URL\" data-id=\"https:\/\/sklep.tiptopol.pl\/wozki-narzedziowe-z-wyposazeniem\/wozek-warsztatowy-proxima-220-elementow-6-szuflad.html\"><strong>W\u00f3zek Proxima 220 narz\u0119dzi<\/strong><\/a> \u2013 to po\u0142\u0105czenie bardzo korzystnej ceny oraz dobrej jako\u015bci. W\u00f3zek posiada 220 narz\u0119dzi, a w\u015br\u00f3d nich znajdziemy grzechotki w rozmiarach \u00bd\u201d, 3\/8\u201d oraz \u00bc\u201d, nasadki d\u0142ugie i kr\u00f3tkie, r\u00f3\u017cnego rodzaju bity, klucze p\u0142askie, p\u0142asko oczkowe, wkr\u0119taki oraz m\u0142otki i szczypce. Posiada 6 szuflad z czego 4 s\u0105 w pe\u0142ni wyposa\u017cone narz\u0119dziami, a 2 ostatnie puste gdzie spokojnie zmieszcz\u0105 si\u0119 wi\u0119ksze narz\u0119dzia elektryczne i pneumatyczne. To co r\u00f3\u017cnicuje w\u00f3zek w swojej grupie cenowej to stalowy blat, kt\u00f3ry jest odporny na uderzenia kluczy, a tak\u017ce zapewnia mo\u017cliwo\u015b\u0107 przewiezienia czego\u015b ci\u0119\u017cszego. Gumowe ranty otaczaj\u0105ce ca\u0142y w\u00f3zek podczas przestawiania w\u00f3zka chroni\u0105 przed uszkodzeniem czy zarysowaniem samochody znajduj\u0105ce si\u0119 w warsztacie. Centralny zamek umo\u017cliwia zamkni\u0119cie na klucz wszystkie szuflady, dzi\u0119ki czemu niepo\u017c\u0105dane osoby nie b\u0119d\u0105 mia\u0142y dost\u0119pu do narz\u0119dzi. Ten w\u00f3zek to zdecydowanie opcja, kt\u00f3ra spe\u0142ni wysokie oczekiwania!<\/li><\/ol>\n<\/div><\/div>\n\n\n\n<div class=\"wp-block-media-text alignwide has-media-on-the-right is-stacked-on-mobile\"><figure class=\"wp-block-media-text__media\"><a href=\"https:\/\/sklep.tiptopol.pl\/bgs4062.html\"><img loading=\"lazy\" width=\"450\" height=\"400\" src=\"http:\/\/salonds.pl\/wp-content\/uploads\/2021\/08\/w-bgs2001.jpg\" alt=\"\" class=\"wp-image-27\" srcset=\"https:\/\/salonds.pl\/wp-content\/uploads\/2021\/08\/w-bgs2001.jpg 450w, https:\/\/salonds.pl\/wp-content\/uploads\/2021\/08\/w-bgs2001-300x267.jpg 300w\" sizes=\"(max-width: 450px) 100vw, 450px\" \/><\/a><\/figure><div class=\"wp-block-media-text__content\">\n<p><strong>2. <a href=\"https:\/\/sklep.tiptopol.pl\/bgs4062.html\" data-type=\"URL\" data-id=\"https:\/\/sklep.tiptopol.pl\/bgs4062.html\">BGS Technic i ich w\u00f3zek BGS ECO<\/a><\/strong> \u2013 niemiecka firma, wysoka jako\u015b\u0107. Za w\u00f3zki BGS Technic trzeba zap\u0142aci\u0107 nieco wi\u0119cej, ale popularno\u015b\u0107 i dobre opinie marki daj\u0105 poczucie niezawodno\u015bci. W w\u00f3zku znajdziemy 263 narz\u0119dzia, a w\u015br\u00f3d nich 3 grzechotki w rozmiarach \u00bd\u201d, 3\/8\u201d oraz \u00bc\u201d, nasadki kr\u00f3tkie oraz d\u0142ugie, klucze p\u0142askie, p\u0142asko-oczkowe oraz oczkowe gi\u0119te, bity, imbusy, wkr\u0119taki, szczypce i m\u0142otek. W\u00f3zek BGS ECO ma 7 szuflad, 5 tej samej wielko\u015bci i 2 ostatnie najwi\u0119ksze, kt\u00f3re zmieszcz\u0105 narz\u0119dzia pneumatyczne czy elektryczne.<\/p>\n<\/div><\/div>\n\n\n\n<div class=\"wp-block-media-text alignwide is-stacked-on-mobile\"><figure class=\"wp-block-media-text__media\"><a href=\"https:\/\/sklep.tiptopol.pl\/bgs4113.html\"><img loading=\"lazy\" width=\"780\" height=\"1024\" src=\"http:\/\/salonds.pl\/wp-content\/uploads\/2021\/08\/4111-780x1024.jpg\" alt=\"\" class=\"wp-image-28\" srcset=\"https:\/\/salonds.pl\/wp-content\/uploads\/2021\/08\/4111-780x1024.jpg 780w, https:\/\/salonds.pl\/wp-content\/uploads\/2021\/08\/4111-228x300.jpg 228w, https:\/\/salonds.pl\/wp-content\/uploads\/2021\/08\/4111-768x1009.jpg 768w, https:\/\/salonds.pl\/wp-content\/uploads\/2021\/08\/4111-1169x1536.jpg 1169w, https:\/\/salonds.pl\/wp-content\/uploads\/2021\/08\/4111-1559x2048.jpg 1559w, https:\/\/salonds.pl\/wp-content\/uploads\/2021\/08\/4111-1200x1576.jpg 1200w, https:\/\/salonds.pl\/wp-content\/uploads\/2021\/08\/4111-1980x2601.jpg 1980w, https:\/\/salonds.pl\/wp-content\/uploads\/2021\/08\/4111-scaled.jpg 1949w\" sizes=\"(max-width: 780px) 100vw, 780px\" \/><\/a><\/figure><div class=\"wp-block-media-text__content\">\n<p><strong>3. <a href=\"https:\/\/sklep.tiptopol.pl\/bgs4113.html\" data-type=\"URL\" data-id=\"https:\/\/sklep.tiptopol.pl\/bgs4113.html\">W\u00f3zek BGS Profi<\/a><\/strong> to kolejny w\u00f3zek od BGS Technic. Ma 234 narz\u0119dzia, kt\u00f3re s\u0105 dobrane w bardzo przemy\u015blany spos\u00f3b. Na wyposa\u017ceniu w\u00f3zka znajdziemy 3 grzechotki z nasadki, buty d\u0142ugie i kr\u00f3tkie, klucze p\u0142asko-oczkowe, wkr\u0119taki, szczypce, m\u0142otki, a tak\u017ce latark\u0119 i chwytak magnetyczny. W\u00f3zek ma a\u017c 8 szuflad dzi\u0119ki czemu bez problemu zmie\u015bci du\u017ce ilo\u015bci narz\u0119dzi.<\/p>\n<\/div><\/div>\n\n\n\n<div class=\"wp-block-media-text alignwide has-media-on-the-right is-stacked-on-mobile\"><figure class=\"wp-block-media-text__media\"><a href=\"https:\/\/sklep.tiptopol.pl\/apw200.html\"><img loading=\"lazy\" width=\"950\" height=\"950\" src=\"http:\/\/salonds.pl\/wp-content\/uploads\/2021\/08\/950.jpg\" alt=\"\" class=\"wp-image-29\" srcset=\"https:\/\/salonds.pl\/wp-content\/uploads\/2021\/08\/950.jpg 950w, https:\/\/salonds.pl\/wp-content\/uploads\/2021\/08\/950-300x300.jpg 300w, https:\/\/salonds.pl\/wp-content\/uploads\/2021\/08\/950-150x150.jpg 150w, https:\/\/salonds.pl\/wp-content\/uploads\/2021\/08\/950-768x768.jpg 768w\" sizes=\"(max-width: 950px) 100vw, 950px\" \/><\/a><\/figure><div class=\"wp-block-media-text__content\">\n<p>4. <a href=\"https:\/\/sklep.tiptopol.pl\/apw200.html\" data-type=\"URL\" data-id=\"https:\/\/sklep.tiptopol.pl\/apw200.html\">W\u00f3zek warsztatowy Airpress<\/a> zawieraj\u0105cy 447 element\u00f3w. Jest to w\u00f3zek o bardzo du\u017cych rozmiarach, a dzi\u0119ki du\u017cej ilo\u015bci narz\u0119dzi sprawdzi si\u0119 zar\u00f3wno do obs\u0142ugi aut dostawczych jak i osobowych. Posiada 8 g\u0142\u00f3wnych du\u017cych szuflad oraz 8 mniejszych bocznych. Jest to w\u00f3zek przeznaczony dla os\u00f3b, kt\u00f3re potrzebuj\u0105 wyposa\u017cy\u0107 sw\u00f3j warsztat w bardzo du\u017c\u0105 ilo\u015b\u0107 narz\u0119dzi. Znajdziemy w nim 3 grzechotki, nasadki, bity, przed\u0142u\u017cki, wkr\u0119taki, klucze p\u0142askie, m\u0142otki, szczypce.<\/p>\n<\/div><\/div>\n\n\n\n<p><\/p>\n","protected":false},"excerpt":{"rendered":"<p>Wybieraj\u0105c odpowiedni w\u00f3zek warsztatowy z wyposa\u017ceniem nale\u017cy kierowa\u0107 si\u0119 kilkoma istotnymi kryteriami. Bior\u0105c pod uwag\u0119 ceny w\u00f3zk\u00f3w mo\u017cemy znale\u017a\u0107 modele poni\u017cej tysi\u0105ca z\u0142otych do nawet dziesi\u0119ciu tysi\u0119cy. Po pierwszym przejrzeniu takich ofert mo\u017cna zastanowi\u0107 si\u0119 dlaczego r\u00f3\u017cnice w cenach s\u0105 tak znaczne. Przede wszystkim wynika to z wielko\u015bci w\u00f3zka oraz ilo\u015bci narz\u0119dzi, jako\u015bci i trwa\u0142o\u015bci [&hellip;]<\/p>\n","protected":false},"author":1,"featured_media":0,"parent":0,"menu_order":2,"comment_status":"closed","ping_status":"closed","template":"","meta":[],"_links":{"self":[{"href":"https:\/\/salonds.pl\/index.php\/wp-json\/wp\/v2\/pages\/10"}],"collection":[{"href":"https:\/\/salonds.pl\/index.php\/wp-json\/wp\/v2\/pages"}],"about":[{"href":"https:\/\/salonds.pl\/index.php\/wp-json\/wp\/v2\/types\/page"}],"author":[{"embeddable":true,"href":"https:\/\/salonds.pl\/index.php\/wp-json\/wp\/v2\/users\/1"}],"replies":[{"embeddable":true,"href":"https:\/\/salonds.pl\/index.php\/wp-json\/wp\/v2\/comments?post=10"}],"version-history":[{"count":3,"href":"https:\/\/salonds.pl\/index.php\/wp-json\/wp\/v2\/pages\/10\/revisions"}],"predecessor-version":[{"id":30,"href":"https:\/\/salonds.pl\/index.php\/wp-json\/wp\/v2\/pages\/10\/revisions\/30"}],"wp:attachment":[{"href":"https:\/\/salonds.pl\/index.php\/wp-json\/wp\/v2\/media?parent=10"}],"curies":[{"name":"wp","href":"https:\/\/api.w.org\/{rel}","templated":true}]}}